{"id":729,"date":"2025-01-31T21:13:31","date_gmt":"2025-01-31T21:13:31","guid":{"rendered":"https:\/\/unforgettablefestival.com\/?page_id=729"},"modified":"2025-11-21T14:18:21","modified_gmt":"2025-11-21T14:18:21","slug":"locatie","status":"publish","type":"page","link":"https:\/\/unforgettablefestival.com\/en\/locatie\/","title":{"rendered":"Location"},"content":{"rendered":"<div data-elementor-type=\"wp-page\" data-elementor-id=\"729\" class=\"elementor elementor-729\" data-elementor-post-type=\"page\">\n\t\t\t\t<div class=\"elementor-element elementor-element-0302c4b e-flex e-con-boxed e-con e-parent\" data-id=\"0302c4b\" data-element_type=\"container\">\n\t\t\t\t\t<div class=\"e-con-inner\">\n\t\t<div class=\"elementor-element elementor-element-be4a6b7 e-con-full e-flex elementor-invisible e-con e-child\" data-id=\"be4a6b7\" data-element_type=\"container\" data-settings=\"{&quot;background_background&quot;:&quot;classic&quot;,&quot;animation&quot;:&quot;fadeIn&quot;,&quot;animation_delay&quot;:500}\">\n\t\t\t\t<div class=\"elementor-element elementor-element-29daeb2 elementor-absolute elementor-invisible elementor-widget elementor-widget-html\" data-id=\"29daeb2\" data-element_type=\"widget\" id=\"tsparticles-new\" data-settings=\"{&quot;_position&quot;:&quot;absolute&quot;,&quot;_animation&quot;:&quot;fadeIn&quot;}\" data-widget_type=\"html.default\">\n\t\t\t\t<div class=\"elementor-widget-container\">\n\t\t\t\t\t<div><\/div>\t\t\t\t<\/div>\n\t\t\t\t<\/div>\n\t\t\t\t<div class=\"elementor-element elementor-element-9100820 elementor-widget elementor-widget-image\" data-id=\"9100820\" data-element_type=\"widget\" id=\"light1\" data-widget_type=\"image.default\">\n\t\t\t\t<div class=\"elementor-widget-container\">\n\t\t\t\t\t\t\t\t\t\t\t\t\t\t\t<img fetchpriority=\"high\" decoding=\"async\" width=\"377\" height=\"341\" src=\"https:\/\/unforgettablefestival.com\/wp-content\/uploads\/2025\/01\/light2.png\" class=\"attachment-large size-large wp-image-215\" alt=\"\" srcset=\"https:\/\/unforgettablefestival.com\/wp-content\/uploads\/2025\/01\/light2.png 377w, https:\/\/unforgettablefestival.com\/wp-content\/uploads\/2025\/01\/light2-300x271.png 300w\" sizes=\"(max-width: 377px) 100vw, 377px\" \/>\t\t\t\t\t\t\t\t\t\t\t\t\t\t\t<\/div>\n\t\t\t\t<\/div>\n\t\t\t\t<div class=\"elementor-element elementor-element-8bbe646 elementor-widget elementor-widget-image\" data-id=\"8bbe646\" data-element_type=\"widget\" id=\"light2\" data-widget_type=\"image.default\">\n\t\t\t\t<div class=\"elementor-widget-container\">\n\t\t\t\t\t\t\t\t\t\t\t\t\t\t\t<img decoding=\"async\" width=\"319\" height=\"359\" src=\"https:\/\/unforgettablefestival.com\/wp-content\/uploads\/2025\/01\/light1.png\" class=\"attachment-large size-large wp-image-216\" alt=\"\" srcset=\"https:\/\/unforgettablefestival.com\/wp-content\/uploads\/2025\/01\/light1.png 319w, https:\/\/unforgettablefestival.com\/wp-content\/uploads\/2025\/01\/light1-267x300.png 267w\" sizes=\"(max-width: 319px) 100vw, 319px\" \/>\t\t\t\t\t\t\t\t\t\t\t\t\t\t\t<\/div>\n\t\t\t\t<\/div>\n\t\t\t\t<\/div>\n\t\t<div class=\"elementor-element elementor-element-5694791 e-con-full e-flex e-con e-child\" data-id=\"5694791\" data-element_type=\"container\" data-settings=\"{&quot;animation&quot;:&quot;none&quot;}\">\n\t\t\t\t<div class=\"elementor-element elementor-element-ea2cc3d elementor-invisible elementor-widget elementor-widget-heading\" data-id=\"ea2cc3d\" data-element_type=\"widget\" data-settings=\"{&quot;_animation&quot;:&quot;fadeInUp&quot;}\" data-widget_type=\"heading.default\">\n\t\t\t\t<div class=\"elementor-widget-container\">\n\t\t\t\t\t<span class=\"elementor-heading-title elementor-size-default\">Unforgettable<\/span>\t\t\t\t<\/div>\n\t\t\t\t<\/div>\n\t\t\t\t<div class=\"elementor-element elementor-element-a6fff8e elementor-invisible elementor-widget elementor-widget-heading\" data-id=\"a6fff8e\" data-element_type=\"widget\" data-settings=\"{&quot;_animation&quot;:&quot;fadeInUp&quot;}\" data-widget_type=\"heading.default\">\n\t\t\t\t<div class=\"elementor-widget-container\">\n\t\t\t\t\t<h1 class=\"elementor-heading-title elementor-size-default\">location<\/h1>\t\t\t\t<\/div>\n\t\t\t\t<\/div>\n\t\t\t\t<\/div>\n\t\t\t\t\t<\/div>\n\t\t\t\t<\/div>\n\t\t<div class=\"elementor-element elementor-element-a929e9c e-flex e-con-boxed e-con e-parent\" data-id=\"a929e9c\" data-element_type=\"container\">\n\t\t\t\t\t<div class=\"e-con-inner\">\n\t\t\t\t<div class=\"elementor-element elementor-element-238ce3e elementor-widget elementor-widget-heading\" data-id=\"238ce3e\" data-element_type=\"widget\" data-widget_type=\"heading.default\">\n\t\t\t\t<div class=\"elementor-widget-container\">\n\t\t\t\t\t<h2 class=\"elementor-heading-title elementor-size-default\">To Be Announced Soon<\/h2>\t\t\t\t<\/div>\n\t\t\t\t<\/div>\n\t\t\t\t\t<\/div>\n\t\t\t\t<\/div>\n\t\t<div class=\"elementor-element elementor-element-9ec3466 elementor-hidden-desktop elementor-hidden-tablet elementor-hidden-mobile e-flex e-con-boxed e-con e-parent\" data-id=\"9ec3466\" data-element_type=\"container\">\n\t\t\t\t\t<div class=\"e-con-inner\">\n\t\t\t\t<div class=\"elementor-element elementor-element-14ebad6 elementor-widget elementor-widget-heading\" data-id=\"14ebad6\" data-element_type=\"widget\" data-widget_type=\"heading.default\">\n\t\t\t\t<div class=\"elementor-widget-container\">\n\t\t\t\t\t<h2 class=\"elementor-heading-title elementor-size-default\">The destination of big events in Bucharest<\/h2>\t\t\t\t<\/div>\n\t\t\t\t<\/div>\n\t\t\t\t<div class=\"elementor-element elementor-element-a4dadd1 elementor-widget__width-initial elementor-widget elementor-widget-text-editor\" data-id=\"a4dadd1\" data-element_type=\"widget\" data-widget_type=\"text-editor.default\">\n\t\t\t\t<div class=\"elementor-widget-container\">\n\t\t\t\t\t\t\t\t\t<p>Located in the centre of Bucharest, opposite the Parliament Palace, Constitution Square is one of the most impressive venues for large-scale events. Intersected by Unirii and Libert\u0103\u021bii boulevards, this iconic square hosts annual concerts, Christmas fairs and parties. With a capacity of around 70,000 spectators, it offers generous space and is ideal for large-scale shows.<\/p><p>Over the years, Constitution Square has witnessed shows by international artists such as AC\/DC, Bon Jovi, Elton John, Shakira, Sting, Lady Gaga, Leonard Cohen, Iron Maiden, Roger Waters and many others. Thanks to its central location and excellent open-air acoustics, the square has become a reference point for major music productions, turning every event into an unforgettable experience.<!-- notionvc: 7cdabcb6-ff75-499c-96e1-a6131046e2d3 --><\/p>\t\t\t\t\t\t\t\t<\/div>\n\t\t\t\t<\/div>\n\t\t\t\t\t<\/div>\n\t\t\t\t<\/div>\n\t\t<div class=\"elementor-element elementor-element-634c9f8 elementor-hidden-desktop elementor-hidden-tablet elementor-hidden-mobile e-flex e-con-boxed e-con e-parent\" data-id=\"634c9f8\" data-element_type=\"container\">\n\t\t\t\t\t<div class=\"e-con-inner\">\n\t\t\t\t<div class=\"elementor-element elementor-element-5d045e8 elementor-widget elementor-widget-image\" data-id=\"5d045e8\" data-element_type=\"widget\" data-widget_type=\"image.default\">\n\t\t\t\t<div class=\"elementor-widget-container\">\n\t\t\t\t\t\t\t\t\t\t\t\t\t\t\t<img decoding=\"async\" width=\"800\" height=\"800\" src=\"https:\/\/unforgettablefestival.com\/wp-content\/uploads\/2025\/01\/separator.svg\" class=\"attachment-large size-large wp-image-65\" alt=\"\" \/>\t\t\t\t\t\t\t\t\t\t\t\t\t\t\t<\/div>\n\t\t\t\t<\/div>\n\t\t\t\t\t<\/div>\n\t\t\t\t<\/div>\n\t\t<div class=\"elementor-element elementor-element-8e8b5c0 elementor-hidden-desktop elementor-hidden-tablet elementor-hidden-mobile e-flex e-con-boxed e-con e-parent\" data-id=\"8e8b5c0\" data-element_type=\"container\">\n\t\t\t\t\t<div class=\"e-con-inner\">\n\t\t<div class=\"elementor-element elementor-element-d431703 e-con-full e-flex e-con e-child\" data-id=\"d431703\" data-element_type=\"container\">\n\t\t\t\t<div class=\"elementor-element elementor-element-9a2b775 elementor-widget elementor-widget-image\" data-id=\"9a2b775\" data-element_type=\"widget\" data-widget_type=\"image.default\">\n\t\t\t\t<div class=\"elementor-widget-container\">\n\t\t\t\t\t\t\t\t\t\t\t\t\t\t\t<img loading=\"lazy\" decoding=\"async\" width=\"800\" height=\"432\" src=\"https:\/\/unforgettablefestival.com\/wp-content\/uploads\/2025\/02\/acces-general-1-1024x553.jpg\" class=\"attachment-large size-large wp-image-1208\" alt=\"\" srcset=\"https:\/\/unforgettablefestival.com\/wp-content\/uploads\/2025\/02\/acces-general-1-1024x553.jpg 1024w, https:\/\/unforgettablefestival.com\/wp-content\/uploads\/2025\/02\/acces-general-1-300x162.jpg 300w, https:\/\/unforgettablefestival.com\/wp-content\/uploads\/2025\/02\/acces-general-1-768x415.jpg 768w, https:\/\/unforgettablefestival.com\/wp-content\/uploads\/2025\/02\/acces-general-1.jpg 1200w\" sizes=\"(max-width: 800px) 100vw, 800px\" \/>\t\t\t\t\t\t\t\t\t\t\t\t\t\t\t<\/div>\n\t\t\t\t<\/div>\n\t\t\t\t<\/div>\n\t\t<div class=\"elementor-element elementor-element-c27e092 e-con-full e-flex e-con e-child\" data-id=\"c27e092\" data-element_type=\"container\">\n\t\t<div class=\"elementor-element elementor-element-b7f86bd e-con-full e-flex e-con e-child\" data-id=\"b7f86bd\" data-element_type=\"container\">\n\t\t\t\t<div class=\"elementor-element elementor-element-a81669f elementor-invisible elementor-widget elementor-widget-heading\" data-id=\"a81669f\" data-element_type=\"widget\" data-settings=\"{&quot;_animation&quot;:&quot;fadeInUp&quot;}\" data-widget_type=\"heading.default\">\n\t\t\t\t<div class=\"elementor-widget-container\">\n\t\t\t\t\t<h3 class=\"elementor-heading-title elementor-size-default\">General Access\n<\/h3>\t\t\t\t<\/div>\n\t\t\t\t<\/div>\n\t\t\t\t<div class=\"elementor-element elementor-element-0484323 elementor-widget elementor-widget-heading\" data-id=\"0484323\" data-element_type=\"widget\" data-widget_type=\"heading.default\">\n\t\t\t\t<div class=\"elementor-widget-container\">\n\t\t\t\t\t<span class=\"elementor-heading-title elementor-size-default\">from 157 lei<\/span>\t\t\t\t<\/div>\n\t\t\t\t<\/div>\n\t\t\t\t<\/div>\n\t\t\t\t<div class=\"elementor-element elementor-element-6a1d3a0 elementor-widget elementor-widget-text-editor\" data-id=\"6a1d3a0\" data-element_type=\"widget\" data-widget_type=\"text-editor.default\">\n\t\t\t\t<div class=\"elementor-widget-container\">\n\t\t\t\t\t\t\t\t\t<p>Enjoy the authentic festival atmosphere at its most vibrant! This pass gives you access to the Nights Of Legends evenings in an atmosphere of pure energy, alongside music enthusiasts, even if the experience is standing room only. Feel the pulse of the event and let yourself be carried away by the wave of emotions that turn every moment into an unforgettable memory.<\/p>\t\t\t\t\t\t\t\t<\/div>\n\t\t\t\t<\/div>\n\t\t\t\t<div class=\"elementor-element elementor-element-3dd4d66 elementor-widget elementor-widget-button\" data-id=\"3dd4d66\" data-element_type=\"widget\" data-widget_type=\"button.default\">\n\t\t\t\t<div class=\"elementor-widget-container\">\n\t\t\t\t\t\t\t\t\t<div class=\"elementor-button-wrapper\">\n\t\t\t\t\t<a class=\"elementor-button elementor-button-link elementor-size-sm\" href=\"https:\/\/tickets.unforgettablefestival.com\/\" target=\"_blank\">\n\t\t\t\t\t\t<span class=\"elementor-button-content-wrapper\">\n\t\t\t\t\t\t\t\t\t<span class=\"elementor-button-text\">Buy Ticket<\/span>\n\t\t\t\t\t<\/span>\n\t\t\t\t\t<\/a>\n\t\t\t\t<\/div>\n\t\t\t\t\t\t\t\t<\/div>\n\t\t\t\t<\/div>\n\t\t\t\t<\/div>\n\t\t\t\t\t<\/div>\n\t\t\t\t<\/div>\n\t\t<div class=\"elementor-element elementor-element-4590e5d e-flex e-con-boxed e-con e-parent\" data-id=\"4590e5d\" data-element_type=\"container\">\n\t\t\t\t\t<div class=\"e-con-inner\">\n\t\t\t\t<div class=\"elementor-element elementor-element-312f981 elementor-widget elementor-widget-html\" data-id=\"312f981\" data-element_type=\"widget\" data-widget_type=\"html.default\">\n\t\t\t\t<div class=\"elementor-widget-container\">\n\t\t\t\t\t<script>\nfunction getParticleQuantity() {\n  return window.innerWidth > 768 ? 100 : 40; \/\/ 100 pe desktop, 50 pe mobile\n}\n\nfunction initializeParticles(containerId) {\n  tsParticles.load(containerId, {\n    fullScreen: { enable: false },\n    fpsLimit: 60,\n    particles: {\n      number: { value: 0 },\n      color: {\n        value: [\"#b4830d\", \"#f6dec2\", \"#fe8b00\", \"#4f1900\", \"#c38e5c\", \"#efa835\", \"#efcf83\"],\n      },\n      shape: { type: \"circle\" },\n      opacity: {\n        value: { min: 0, max: 1 },\n        animation: { enable: true, speed: 1, sync: true, startValue: \"min\", destroy: \"min\" },\n      },\n      size: { value: { min: 0, max: 2 } },\n      move: { enable: true, speed: 1, direction: \"none\", outModes: { default: \"destroy\" } },\n      life: { duration: { sync: false, value: 10 } },\n    },\n    emitters: {\n      direction: \"none\",\n      position: { x: 50, y: 50 },\n      size: { width: 300, height: 40 },\n      rate: { delay: 0.4, quantity: getParticleQuantity() }, \/\/ Ajust\u0103m quantity dinamic\n    },\n  });\n}\n\n\/\/ Ini\u021bializ\u0103m particulele \u00een ambele sec\u021biuni\ninitializeParticles(\"tsparticles-slides\");\ninitializeParticles(\"tsparticles-new\");\ninitializeParticles(\"tsparticles-location\");\n\n<\/script>\n\n<script>\nfunction randomOpacityAndRotation(element) {\n    const minOpacity = 0.6;\n    const maxOpacity = 1;\n    const minRotation = -2; \/\/ grade\n    const maxRotation = 2; \/\/ grade\n\n    \/\/ Opacitate aleatorie\n    const randomOpacity = Math.random() * (maxOpacity - minOpacity) + minOpacity;\n    element.style.opacity = randomOpacity.toFixed(2);\n\n    \/\/ Rota\u021bie aleatorie\n    const randomRotation = Math.random() * (maxRotation - minRotation) + minRotation;\n    element.style.transform = `rotate(${randomRotation.toFixed(2)}deg)`;\n}\n\nfunction animateLights() {\n    const light1 = document.getElementById('light1');\n    const light2 = document.getElementById('light2');\n    \n    setInterval(() => {\n        randomOpacityAndRotation(light1);\n        randomOpacityAndRotation(light2);\n    }, 500); \/\/ Actualizare la fiecare 500ms\n}\n\n\/\/ Porne\u0219te anima\u021bia c\u00e2nd pagina este \u00eenc\u0103rcat\u0103\ndocument.addEventListener('DOMContentLoaded', animateLights);\n\n<\/script>\t\t\t\t<\/div>\n\t\t\t\t<\/div>\n\t\t\t\t\t<\/div>\n\t\t\t\t<\/div>\n\t\t\t\t<\/div>","protected":false},"excerpt":{"rendered":"<p>Unforgettable location To Be Announced Soon Destina\u021bia marilor evenimente din Bucure\u0219ti Situat\u0103 \u00een centrul Bucure\u0219tiului, vizavi de Palatul Parlamentului, Pia\u021ba Constitu\u021biei este una dintre cele mai impresionante loca\u021bii pentru evenimente de amploare. Intersectat\u0103 de Bulevardele Unirii \u0219i Libert\u0103\u021bii, aceast\u0103 pia\u021b\u0103 emblematic\u0103 g\u0103zduie\u0219te anual concerte, t\u00e2rguri de Cr\u0103ciun \u0219i petreceri. Cu o capacitate de aproximativ 70.000 [&hellip;]<\/p>","protected":false},"author":2,"featured_media":1255,"parent":0,"menu_order":0,"comment_status":"closed","ping_status":"closed","template":"elementor_header_footer","meta":{"_acf_changed":false,"inline_featured_image":false,"footnotes":"","_links_to":"","_links_to_target":""},"class_list":["post-729","page","type-page","status-publish","has-post-thumbnail","hentry"],"acf":[],"yoast_head":"<!-- This site is optimized with the Yoast SEO plugin v24.9 - https:\/\/yoast.com\/wordpress\/plugins\/seo\/ -->\n<title>Loca\u021bie - Unforgettable Festival 2025 | 11-13 Septembrie 2025 - Piata Constitutiei<\/title>\n<meta name=\"description\" content=\"Pia\u021ba Constitu\u021biei, inima evenimentelor mari din Bucure\u0219ti, g\u0103zduie\u0219te concerte legendare cu arti\u0219ti interna\u021bionali \u0219i are o capacitate de p\u00e2n\u0103 la 70.000 de spectatori. Afl\u0103 de ce este locul ideal pentru spectacole memorabile.\" \/>\n<meta name=\"robots\" content=\"index, follow, max-snippet:-1, max-image-preview:large, max-video-preview:-1\" \/>\n<link rel=\"canonical\" href=\"https:\/\/unforgettablefestival.com\/en\/locatie\/\" \/>\n<meta property=\"og:locale\" content=\"en_GB\" \/>\n<meta property=\"og:type\" content=\"article\" \/>\n<meta property=\"og:title\" content=\"Loca\u021bie - Unforgettable Festival 2025 | 11-13 Septembrie 2025 - Piata Constitutiei\" \/>\n<meta property=\"og:description\" content=\"Pia\u021ba Constitu\u021biei, inima evenimentelor mari din Bucure\u0219ti, g\u0103zduie\u0219te concerte legendare cu arti\u0219ti interna\u021bionali \u0219i are o capacitate de p\u00e2n\u0103 la 70.000 de spectatori. Afl\u0103 de ce este locul ideal pentru spectacole memorabile.\" \/>\n<meta property=\"og:url\" content=\"https:\/\/unforgettablefestival.com\/en\/locatie\/\" \/>\n<meta property=\"og:site_name\" content=\"Unforgettable Festival 2025 | 11-13 Septembrie 2025 - Piata Constitutiei\" \/>\n<meta property=\"article:modified_time\" content=\"2025-11-21T14:18:21+00:00\" \/>\n<meta property=\"og:image\" content=\"https:\/\/unforgettablefestival.com\/wp-content\/uploads\/2025\/03\/social-media-share.jpg\" \/>\n\t<meta property=\"og:image:width\" content=\"1200\" \/>\n\t<meta property=\"og:image:height\" content=\"628\" \/>\n\t<meta property=\"og:image:type\" content=\"image\/jpeg\" \/>\n<meta name=\"twitter:card\" content=\"summary_large_image\" \/>\n<meta name=\"twitter:label1\" content=\"Estimated reading time\" \/>\n\t<meta name=\"twitter:data1\" content=\"2 minutes\" \/>\n<script type=\"application\/ld+json\" class=\"yoast-schema-graph\">{\"@context\":\"https:\/\/schema.org\",\"@graph\":[{\"@type\":\"WebPage\",\"@id\":\"https:\/\/unforgettablefestival.com\/locatie\/\",\"url\":\"https:\/\/unforgettablefestival.com\/locatie\/\",\"name\":\"Loca\u021bie - Unforgettable Festival 2025 | 11-13 Septembrie 2025 - Piata Constitutiei\",\"isPartOf\":{\"@id\":\"https:\/\/unforgettablefestival.com\/#website\"},\"primaryImageOfPage\":{\"@id\":\"https:\/\/unforgettablefestival.com\/locatie\/#primaryimage\"},\"image\":{\"@id\":\"https:\/\/unforgettablefestival.com\/locatie\/#primaryimage\"},\"thumbnailUrl\":\"https:\/\/unforgettablefestival.com\/wp-content\/uploads\/2025\/03\/social-media-share.jpg\",\"datePublished\":\"2025-01-31T21:13:31+00:00\",\"dateModified\":\"2025-11-21T14:18:21+00:00\",\"description\":\"Pia\u021ba Constitu\u021biei, inima evenimentelor mari din Bucure\u0219ti, g\u0103zduie\u0219te concerte legendare cu arti\u0219ti interna\u021bionali \u0219i are o capacitate de p\u00e2n\u0103 la 70.000 de spectatori. Afl\u0103 de ce este locul ideal pentru spectacole memorabile.\",\"breadcrumb\":{\"@id\":\"https:\/\/unforgettablefestival.com\/locatie\/#breadcrumb\"},\"inLanguage\":\"en-GB\",\"potentialAction\":[{\"@type\":\"ReadAction\",\"target\":[\"https:\/\/unforgettablefestival.com\/locatie\/\"]}]},{\"@type\":\"ImageObject\",\"inLanguage\":\"en-GB\",\"@id\":\"https:\/\/unforgettablefestival.com\/locatie\/#primaryimage\",\"url\":\"https:\/\/unforgettablefestival.com\/wp-content\/uploads\/2025\/03\/social-media-share.jpg\",\"contentUrl\":\"https:\/\/unforgettablefestival.com\/wp-content\/uploads\/2025\/03\/social-media-share.jpg\",\"width\":1200,\"height\":628},{\"@type\":\"BreadcrumbList\",\"@id\":\"https:\/\/unforgettablefestival.com\/locatie\/#breadcrumb\",\"itemListElement\":[{\"@type\":\"ListItem\",\"position\":1,\"name\":\"Prima pagin\u0103\",\"item\":\"https:\/\/unforgettablefestival.com\/\"},{\"@type\":\"ListItem\",\"position\":2,\"name\":\"Loca\u021bie\"}]},{\"@type\":\"WebSite\",\"@id\":\"https:\/\/unforgettablefestival.com\/#website\",\"url\":\"https:\/\/unforgettablefestival.com\/\",\"name\":\"Unforgettable Festival 2025 | 11-13 Septembrie 2025 - Piata Constitutiei\",\"description\":\"Bucura-te de 3 seri de magie alaturi de Andreea Bocelli, Jose Carerras, Gheorghe Zamfir, Katherine Jenkins si multi alti artisti intre 11-13 Septembrie 2025 in Piata Constitutiei, Bucuresti.\",\"publisher\":{\"@id\":\"https:\/\/unforgettablefestival.com\/#organization\"},\"potentialAction\":[{\"@type\":\"SearchAction\",\"target\":{\"@type\":\"EntryPoint\",\"urlTemplate\":\"https:\/\/unforgettablefestival.com\/?s={search_term_string}\"},\"query-input\":{\"@type\":\"PropertyValueSpecification\",\"valueRequired\":true,\"valueName\":\"search_term_string\"}}],\"inLanguage\":\"en-GB\"},{\"@type\":\"Organization\",\"@id\":\"https:\/\/unforgettablefestival.com\/#organization\",\"name\":\"Unforgettable Festival 2025 | 11-13 Septembrie 2025 - Piata Constitutiei\",\"url\":\"https:\/\/unforgettablefestival.com\/\",\"logo\":{\"@type\":\"ImageObject\",\"inLanguage\":\"en-GB\",\"@id\":\"https:\/\/unforgettablefestival.com\/#\/schema\/logo\/image\/\",\"url\":\"https:\/\/unforgettablefestival.com\/wp-content\/uploads\/2025\/01\/logo-unforgettable.svg\",\"contentUrl\":\"https:\/\/unforgettablefestival.com\/wp-content\/uploads\/2025\/01\/logo-unforgettable.svg\",\"width\":658,\"height\":215,\"caption\":\"Unforgettable Festival 2025 | 11-13 Septembrie 2025 - Piata Constitutiei\"},\"image\":{\"@id\":\"https:\/\/unforgettablefestival.com\/#\/schema\/logo\/image\/\"}}]}<\/script>\n<!-- \/ Yoast SEO plugin. -->","yoast_head_json":{"title":"Loca\u021bie - Unforgettable Festival 2025 | 11-13 Septembrie 2025 - Piata Constitutiei","description":"Pia\u021ba Constitu\u021biei, inima evenimentelor mari din Bucure\u0219ti, g\u0103zduie\u0219te concerte legendare cu arti\u0219ti interna\u021bionali \u0219i are o capacitate de p\u00e2n\u0103 la 70.000 de spectatori. Afl\u0103 de ce este locul ideal pentru spectacole memorabile.","robots":{"index":"index","follow":"follow","max-snippet":"max-snippet:-1","max-image-preview":"max-image-preview:large","max-video-preview":"max-video-preview:-1"},"canonical":"https:\/\/unforgettablefestival.com\/en\/locatie\/","og_locale":"en_GB","og_type":"article","og_title":"Loca\u021bie - Unforgettable Festival 2025 | 11-13 Septembrie 2025 - Piata Constitutiei","og_description":"Pia\u021ba Constitu\u021biei, inima evenimentelor mari din Bucure\u0219ti, g\u0103zduie\u0219te concerte legendare cu arti\u0219ti interna\u021bionali \u0219i are o capacitate de p\u00e2n\u0103 la 70.000 de spectatori. Afl\u0103 de ce este locul ideal pentru spectacole memorabile.","og_url":"https:\/\/unforgettablefestival.com\/en\/locatie\/","og_site_name":"Unforgettable Festival 2025 | 11-13 Septembrie 2025 - Piata Constitutiei","article_modified_time":"2025-11-21T14:18:21+00:00","og_image":[{"width":1200,"height":628,"url":"https:\/\/unforgettablefestival.com\/wp-content\/uploads\/2025\/03\/social-media-share.jpg","type":"image\/jpeg"}],"twitter_card":"summary_large_image","twitter_misc":{"Estimated reading time":"2 minutes"},"schema":{"@context":"https:\/\/schema.org","@graph":[{"@type":"WebPage","@id":"https:\/\/unforgettablefestival.com\/locatie\/","url":"https:\/\/unforgettablefestival.com\/locatie\/","name":"Loca\u021bie - Unforgettable Festival 2025 | 11-13 Septembrie 2025 - Piata Constitutiei","isPartOf":{"@id":"https:\/\/unforgettablefestival.com\/#website"},"primaryImageOfPage":{"@id":"https:\/\/unforgettablefestival.com\/locatie\/#primaryimage"},"image":{"@id":"https:\/\/unforgettablefestival.com\/locatie\/#primaryimage"},"thumbnailUrl":"https:\/\/unforgettablefestival.com\/wp-content\/uploads\/2025\/03\/social-media-share.jpg","datePublished":"2025-01-31T21:13:31+00:00","dateModified":"2025-11-21T14:18:21+00:00","description":"Pia\u021ba Constitu\u021biei, inima evenimentelor mari din Bucure\u0219ti, g\u0103zduie\u0219te concerte legendare cu arti\u0219ti interna\u021bionali \u0219i are o capacitate de p\u00e2n\u0103 la 70.000 de spectatori. Afl\u0103 de ce este locul ideal pentru spectacole memorabile.","breadcrumb":{"@id":"https:\/\/unforgettablefestival.com\/locatie\/#breadcrumb"},"inLanguage":"en-GB","potentialAction":[{"@type":"ReadAction","target":["https:\/\/unforgettablefestival.com\/locatie\/"]}]},{"@type":"ImageObject","inLanguage":"en-GB","@id":"https:\/\/unforgettablefestival.com\/locatie\/#primaryimage","url":"https:\/\/unforgettablefestival.com\/wp-content\/uploads\/2025\/03\/social-media-share.jpg","contentUrl":"https:\/\/unforgettablefestival.com\/wp-content\/uploads\/2025\/03\/social-media-share.jpg","width":1200,"height":628},{"@type":"BreadcrumbList","@id":"https:\/\/unforgettablefestival.com\/locatie\/#breadcrumb","itemListElement":[{"@type":"ListItem","position":1,"name":"Prima pagin\u0103","item":"https:\/\/unforgettablefestival.com\/"},{"@type":"ListItem","position":2,"name":"Loca\u021bie"}]},{"@type":"WebSite","@id":"https:\/\/unforgettablefestival.com\/#website","url":"https:\/\/unforgettablefestival.com\/","name":"Unforgettable Festival 2025 | 11-13 Septembrie 2025 - Piata Constitutiei","description":"Bucura-te de 3 seri de magie alaturi de Andreea Bocelli, Jose Carerras, Gheorghe Zamfir, Katherine Jenkins si multi alti artisti intre 11-13 Septembrie 2025 in Piata Constitutiei, Bucuresti.","publisher":{"@id":"https:\/\/unforgettablefestival.com\/#organization"},"potentialAction":[{"@type":"SearchAction","target":{"@type":"EntryPoint","urlTemplate":"https:\/\/unforgettablefestival.com\/?s={search_term_string}"},"query-input":{"@type":"PropertyValueSpecification","valueRequired":true,"valueName":"search_term_string"}}],"inLanguage":"en-GB"},{"@type":"Organization","@id":"https:\/\/unforgettablefestival.com\/#organization","name":"Unforgettable Festival 2025 | 11-13 Septembrie 2025 - Piata Constitutiei","url":"https:\/\/unforgettablefestival.com\/","logo":{"@type":"ImageObject","inLanguage":"en-GB","@id":"https:\/\/unforgettablefestival.com\/#\/schema\/logo\/image\/","url":"https:\/\/unforgettablefestival.com\/wp-content\/uploads\/2025\/01\/logo-unforgettable.svg","contentUrl":"https:\/\/unforgettablefestival.com\/wp-content\/uploads\/2025\/01\/logo-unforgettable.svg","width":658,"height":215,"caption":"Unforgettable Festival 2025 | 11-13 Septembrie 2025 - Piata Constitutiei"},"image":{"@id":"https:\/\/unforgettablefestival.com\/#\/schema\/logo\/image\/"}}]}},"_links":{"self":[{"href":"https:\/\/unforgettablefestival.com\/en\/wp-json\/wp\/v2\/pages\/729","targetHints":{"allow":["GET"]}}],"collection":[{"href":"https:\/\/unforgettablefestival.com\/en\/wp-json\/wp\/v2\/pages"}],"about":[{"href":"https:\/\/unforgettablefestival.com\/en\/wp-json\/wp\/v2\/types\/page"}],"author":[{"embeddable":true,"href":"https:\/\/unforgettablefestival.com\/en\/wp-json\/wp\/v2\/users\/2"}],"replies":[{"embeddable":true,"href":"https:\/\/unforgettablefestival.com\/en\/wp-json\/wp\/v2\/comments?post=729"}],"version-history":[{"count":67,"href":"https:\/\/unforgettablefestival.com\/en\/wp-json\/wp\/v2\/pages\/729\/revisions"}],"predecessor-version":[{"id":1785,"href":"https:\/\/unforgettablefestival.com\/en\/wp-json\/wp\/v2\/pages\/729\/revisions\/1785"}],"wp:featuredmedia":[{"embeddable":true,"href":"https:\/\/unforgettablefestival.com\/en\/wp-json\/wp\/v2\/media\/1255"}],"wp:attachment":[{"href":"https:\/\/unforgettablefestival.com\/en\/wp-json\/wp\/v2\/media?parent=729"}],"curies":[{"name":"wp","href":"https:\/\/api.w.org\/{rel}","templated":true}]}}