{"id":719,"date":"2025-01-31T21:03:52","date_gmt":"2025-01-31T21:03:52","guid":{"rendered":"https:\/\/unforgettablefestival.com\/?page_id=719"},"modified":"2025-10-27T16:57:47","modified_gmt":"2025-10-27T16:57:47","slug":"artisti","status":"publish","type":"page","link":"https:\/\/unforgettablefestival.com\/en\/artisti\/","title":{"rendered":"Artists"},"content":{"rendered":"<div data-elementor-type=\"wp-page\" data-elementor-id=\"719\" class=\"elementor elementor-719\" data-elementor-post-type=\"page\">\n\t\t\t\t<div class=\"elementor-element elementor-element-7a3d9a3c e-flex e-con-boxed e-con e-parent\" data-id=\"7a3d9a3c\" data-element_type=\"container\">\n\t\t\t\t\t<div class=\"e-con-inner\">\n\t\t<div class=\"elementor-element elementor-element-4bfae11 e-con-full e-flex elementor-invisible e-con e-child\" data-id=\"4bfae11\" data-element_type=\"container\" data-settings=\"{&quot;background_background&quot;:&quot;classic&quot;,&quot;animation&quot;:&quot;fadeIn&quot;,&quot;animation_delay&quot;:500}\">\n\t\t\t\t<div class=\"elementor-element elementor-element-7f4e3715 elementor-absolute elementor-invisible elementor-widget elementor-widget-html\" data-id=\"7f4e3715\" data-element_type=\"widget\" id=\"tsparticles-new\" data-settings=\"{&quot;_position&quot;:&quot;absolute&quot;,&quot;_animation&quot;:&quot;fadeIn&quot;}\" data-widget_type=\"html.default\">\n\t\t\t\t<div class=\"elementor-widget-container\">\n\t\t\t\t\t<div><\/div>\t\t\t\t<\/div>\n\t\t\t\t<\/div>\n\t\t\t\t<div class=\"elementor-element elementor-element-67890aba elementor-widget elementor-widget-image\" data-id=\"67890aba\" data-element_type=\"widget\" id=\"light1\" data-widget_type=\"image.default\">\n\t\t\t\t<div class=\"elementor-widget-container\">\n\t\t\t\t\t\t\t\t\t\t\t\t\t\t\t<img fetchpriority=\"high\" decoding=\"async\" width=\"377\" height=\"341\" src=\"https:\/\/unforgettablefestival.com\/wp-content\/uploads\/2025\/01\/light2.png\" class=\"attachment-large size-large wp-image-215\" alt=\"\" srcset=\"https:\/\/unforgettablefestival.com\/wp-content\/uploads\/2025\/01\/light2.png 377w, https:\/\/unforgettablefestival.com\/wp-content\/uploads\/2025\/01\/light2-300x271.png 300w\" sizes=\"(max-width: 377px) 100vw, 377px\" \/>\t\t\t\t\t\t\t\t\t\t\t\t\t\t\t<\/div>\n\t\t\t\t<\/div>\n\t\t\t\t<div class=\"elementor-element elementor-element-5b01dd80 elementor-widget elementor-widget-image\" data-id=\"5b01dd80\" data-element_type=\"widget\" id=\"light2\" data-widget_type=\"image.default\">\n\t\t\t\t<div class=\"elementor-widget-container\">\n\t\t\t\t\t\t\t\t\t\t\t\t\t\t\t<img decoding=\"async\" width=\"319\" height=\"359\" src=\"https:\/\/unforgettablefestival.com\/wp-content\/uploads\/2025\/01\/light1.png\" class=\"attachment-large size-large wp-image-216\" alt=\"\" srcset=\"https:\/\/unforgettablefestival.com\/wp-content\/uploads\/2025\/01\/light1.png 319w, https:\/\/unforgettablefestival.com\/wp-content\/uploads\/2025\/01\/light1-267x300.png 267w\" sizes=\"(max-width: 319px) 100vw, 319px\" \/>\t\t\t\t\t\t\t\t\t\t\t\t\t\t\t<\/div>\n\t\t\t\t<\/div>\n\t\t\t\t<\/div>\n\t\t<div class=\"elementor-element elementor-element-3f82478d e-con-full e-flex e-con e-child\" data-id=\"3f82478d\" data-element_type=\"container\" data-settings=\"{&quot;animation&quot;:&quot;none&quot;}\">\n\t\t\t\t<div class=\"elementor-element elementor-element-add2e9d elementor-invisible elementor-widget elementor-widget-heading\" data-id=\"add2e9d\" data-element_type=\"widget\" data-settings=\"{&quot;_animation&quot;:&quot;fadeInUp&quot;}\" data-widget_type=\"heading.default\">\n\t\t\t\t<div class=\"elementor-widget-container\">\n\t\t\t\t\t<span class=\"elementor-heading-title elementor-size-default\">Unforgettable<\/span>\t\t\t\t<\/div>\n\t\t\t\t<\/div>\n\t\t\t\t<div class=\"elementor-element elementor-element-a830186 elementor-invisible elementor-widget elementor-widget-heading\" data-id=\"a830186\" data-element_type=\"widget\" data-settings=\"{&quot;_animation&quot;:&quot;fadeInUp&quot;}\" data-widget_type=\"heading.default\">\n\t\t\t\t<div class=\"elementor-widget-container\">\n\t\t\t\t\t<h1 class=\"elementor-heading-title elementor-size-default\">Artists<\/h1>\t\t\t\t<\/div>\n\t\t\t\t<\/div>\n\t\t\t\t<\/div>\n\t\t\t\t\t<\/div>\n\t\t\t\t<\/div>\n\t\t<div class=\"elementor-element elementor-element-78538ba1 e-flex e-con-boxed e-con e-parent\" data-id=\"78538ba1\" data-element_type=\"container\">\n\t\t\t\t\t<div class=\"e-con-inner\">\n\t\t\t\t<div class=\"elementor-element elementor-element-f2450a7 elementor-widget elementor-widget-heading\" data-id=\"f2450a7\" data-element_type=\"widget\" data-widget_type=\"heading.default\">\n\t\t\t\t<div class=\"elementor-widget-container\">\n\t\t\t\t\t<h2 class=\"elementor-heading-title elementor-size-default\">To Be Announced Soon<\/h2>\t\t\t\t<\/div>\n\t\t\t\t<\/div>\n\t\t\t\t<div class=\"elementor-element elementor-element-30834cfb elementor-grid-1 elementor-grid-tablet-1 elementor-hidden-desktop elementor-hidden-tablet elementor-hidden-mobile elementor-grid-mobile-1 elementor-widget elementor-widget-loop-grid\" data-id=\"30834cfb\" data-element_type=\"widget\" data-settings=\"{&quot;template_id&quot;:&quot;657&quot;,&quot;columns&quot;:1,&quot;columns_tablet&quot;:1,&quot;pagination_type&quot;:&quot;load_more_infinite_scroll&quot;,&quot;row_gap&quot;:{&quot;unit&quot;:&quot;px&quot;,&quot;size&quot;:100,&quot;sizes&quot;:[]},&quot;row_gap_mobile&quot;:{&quot;unit&quot;:&quot;px&quot;,&quot;size&quot;:100,&quot;sizes&quot;:[]},&quot;_skin&quot;:&quot;post&quot;,&quot;columns_mobile&quot;:&quot;1&quot;,&quot;edit_handle_selector&quot;:&quot;[data-elementor-type=\\&quot;loop-item\\&quot;]&quot;,&quot;load_more_spinner&quot;:{&quot;value&quot;:&quot;fas fa-spinner&quot;,&quot;library&quot;:&quot;fa-solid&quot;},&quot;row_gap_tablet&quot;:{&quot;unit&quot;:&quot;px&quot;,&quot;size&quot;:&quot;&quot;,&quot;sizes&quot;:[]}}\" data-widget_type=\"loop-grid.post\">\n\t\t\t\t<div class=\"elementor-widget-container\">\n\t\t\t\t\t\t\t<div class=\"e-loop-nothing-found-message\">\n\t\t<\/div>\n\t\t\t\t\t\t<\/div>\n\t\t\t\t<\/div>\n\t\t\t\t\t<\/div>\n\t\t\t\t<\/div>\n\t\t<div class=\"elementor-element elementor-element-3dce37e0 e-flex e-con-boxed e-con e-parent\" data-id=\"3dce37e0\" data-element_type=\"container\">\n\t\t\t\t\t<div class=\"e-con-inner\">\n\t\t\t\t<div class=\"elementor-element elementor-element-6430660b elementor-widget elementor-widget-html\" data-id=\"6430660b\" data-element_type=\"widget\" data-widget_type=\"html.default\">\n\t\t\t\t<div class=\"elementor-widget-container\">\n\t\t\t\t\t<script>\nfunction getParticleQuantity() {\n  return window.innerWidth > 768 ? 100 : 40; \/\/ 100 pe desktop, 50 pe mobile\n}\n\nfunction initializeParticles(containerId) {\n  tsParticles.load(containerId, {\n    fullScreen: { enable: false },\n    fpsLimit: 60,\n    particles: {\n      number: { value: 0 },\n      color: {\n        value: [\"#b4830d\", \"#f6dec2\", \"#fe8b00\", \"#4f1900\", \"#c38e5c\", \"#efa835\", \"#efcf83\"],\n      },\n      shape: { type: \"circle\" },\n      opacity: {\n        value: { min: 0, max: 1 },\n        animation: { enable: true, speed: 1, sync: true, startValue: \"min\", destroy: \"min\" },\n      },\n      size: { value: { min: 0, max: 2 } },\n      move: { enable: true, speed: 1, direction: \"none\", outModes: { default: \"destroy\" } },\n      life: { duration: { sync: false, value: 10 } },\n    },\n    emitters: {\n      direction: \"none\",\n      position: { x: 50, y: 50 },\n      size: { width: 300, height: 40 },\n      rate: { delay: 0.4, quantity: getParticleQuantity() }, \/\/ Ajust\u0103m quantity dinamic\n    },\n  });\n}\n\n\/\/ Ini\u021bializ\u0103m particulele \u00een ambele sec\u021biuni\ninitializeParticles(\"tsparticles-slides\");\ninitializeParticles(\"tsparticles-new\");\ninitializeParticles(\"tsparticles-location\");\n\n<\/script>\n\n<script>\nfunction randomOpacityAndRotation(element) {\n    const minOpacity = 0.6;\n    const maxOpacity = 1;\n    const minRotation = -2; \/\/ grade\n    const maxRotation = 2; \/\/ grade\n\n    \/\/ Opacitate aleatorie\n    const randomOpacity = Math.random() * (maxOpacity - minOpacity) + minOpacity;\n    element.style.opacity = randomOpacity.toFixed(2);\n\n    \/\/ Rota\u021bie aleatorie\n    const randomRotation = Math.random() * (maxRotation - minRotation) + minRotation;\n    element.style.transform = `rotate(${randomRotation.toFixed(2)}deg)`;\n}\n\nfunction animateLights() {\n    const light1 = document.getElementById('light1');\n    const light2 = document.getElementById('light2');\n    \n    setInterval(() => {\n        randomOpacityAndRotation(light1);\n        randomOpacityAndRotation(light2);\n    }, 500); \/\/ Actualizare la fiecare 500ms\n}\n\n\/\/ Porne\u0219te anima\u021bia c\u00e2nd pagina este \u00eenc\u0103rcat\u0103\ndocument.addEventListener('DOMContentLoaded', animateLights);\n\n<\/script>\t\t\t\t<\/div>\n\t\t\t\t<\/div>\n\t\t\t\t\t<\/div>\n\t\t\t\t<\/div>\n\t\t\t\t<\/div>","protected":false},"excerpt":{"rendered":"<p>Unforgettable Artists To Be Announced Soon<\/p>","protected":false},"author":2,"featured_media":1255,"parent":0,"menu_order":0,"comment_status":"closed","ping_status":"closed","template":"elementor_header_footer","meta":{"_acf_changed":false,"inline_featured_image":false,"footnotes":"","_links_to":"","_links_to_target":""},"class_list":["post-719","page","type-page","status-publish","has-post-thumbnail","hentry"],"acf":[],"yoast_head":"<!-- This site is optimized with the Yoast SEO plugin v24.9 - https:\/\/yoast.com\/wordpress\/plugins\/seo\/ -->\n<title>Arti\u0219ti - Unforgettable Festival 2025 | 11-13 Septembrie 2025 - Piata Constitutiei<\/title>\n<meta name=\"robots\" content=\"index, follow, max-snippet:-1, max-image-preview:large, max-video-preview:-1\" \/>\n<link rel=\"canonical\" href=\"https:\/\/unforgettablefestival.com\/en\/artisti\/\" \/>\n<meta property=\"og:locale\" content=\"en_GB\" \/>\n<meta property=\"og:type\" content=\"article\" \/>\n<meta property=\"og:title\" content=\"Arti\u0219ti - Unforgettable Festival 2025 | 11-13 Septembrie 2025 - Piata Constitutiei\" \/>\n<meta property=\"og:description\" content=\"Unforgettable Artists To Be Announced Soon\" \/>\n<meta property=\"og:url\" content=\"https:\/\/unforgettablefestival.com\/en\/artisti\/\" \/>\n<meta property=\"og:site_name\" content=\"Unforgettable Festival 2025 | 11-13 Septembrie 2025 - Piata Constitutiei\" \/>\n<meta property=\"article:modified_time\" content=\"2025-10-27T16:57:47+00:00\" \/>\n<meta property=\"og:image\" content=\"https:\/\/unforgettablefestival.com\/wp-content\/uploads\/2025\/03\/social-media-share.jpg\" \/>\n\t<meta property=\"og:image:width\" content=\"1200\" \/>\n\t<meta property=\"og:image:height\" content=\"628\" \/>\n\t<meta property=\"og:image:type\" content=\"image\/jpeg\" \/>\n<meta name=\"twitter:card\" content=\"summary_large_image\" \/>\n<meta name=\"twitter:label1\" content=\"Estimated reading time\" \/>\n\t<meta name=\"twitter:data1\" content=\"1 minute\" \/>\n<script type=\"application\/ld+json\" class=\"yoast-schema-graph\">{\"@context\":\"https:\/\/schema.org\",\"@graph\":[{\"@type\":\"WebPage\",\"@id\":\"https:\/\/unforgettablefestival.com\/artisti\/\",\"url\":\"https:\/\/unforgettablefestival.com\/artisti\/\",\"name\":\"Arti\u0219ti - Unforgettable Festival 2025 | 11-13 Septembrie 2025 - Piata Constitutiei\",\"isPartOf\":{\"@id\":\"https:\/\/unforgettablefestival.com\/#website\"},\"primaryImageOfPage\":{\"@id\":\"https:\/\/unforgettablefestival.com\/artisti\/#primaryimage\"},\"image\":{\"@id\":\"https:\/\/unforgettablefestival.com\/artisti\/#primaryimage\"},\"thumbnailUrl\":\"https:\/\/unforgettablefestival.com\/wp-content\/uploads\/2025\/03\/social-media-share.jpg\",\"datePublished\":\"2025-01-31T21:03:52+00:00\",\"dateModified\":\"2025-10-27T16:57:47+00:00\",\"breadcrumb\":{\"@id\":\"https:\/\/unforgettablefestival.com\/artisti\/#breadcrumb\"},\"inLanguage\":\"en-GB\",\"potentialAction\":[{\"@type\":\"ReadAction\",\"target\":[\"https:\/\/unforgettablefestival.com\/artisti\/\"]}]},{\"@type\":\"ImageObject\",\"inLanguage\":\"en-GB\",\"@id\":\"https:\/\/unforgettablefestival.com\/artisti\/#primaryimage\",\"url\":\"https:\/\/unforgettablefestival.com\/wp-content\/uploads\/2025\/03\/social-media-share.jpg\",\"contentUrl\":\"https:\/\/unforgettablefestival.com\/wp-content\/uploads\/2025\/03\/social-media-share.jpg\",\"width\":1200,\"height\":628},{\"@type\":\"BreadcrumbList\",\"@id\":\"https:\/\/unforgettablefestival.com\/artisti\/#breadcrumb\",\"itemListElement\":[{\"@type\":\"ListItem\",\"position\":1,\"name\":\"Prima pagin\u0103\",\"item\":\"https:\/\/unforgettablefestival.com\/\"},{\"@type\":\"ListItem\",\"position\":2,\"name\":\"Arti\u0219ti\"}]},{\"@type\":\"WebSite\",\"@id\":\"https:\/\/unforgettablefestival.com\/#website\",\"url\":\"https:\/\/unforgettablefestival.com\/\",\"name\":\"Unforgettable Festival 2025 | 11-13 Septembrie 2025 - Piata Constitutiei\",\"description\":\"Bucura-te de 3 seri de magie alaturi de Andreea Bocelli, Jose Carerras, Gheorghe Zamfir, Katherine Jenkins si multi alti artisti intre 11-13 Septembrie 2025 in Piata Constitutiei, Bucuresti.\",\"publisher\":{\"@id\":\"https:\/\/unforgettablefestival.com\/#organization\"},\"potentialAction\":[{\"@type\":\"SearchAction\",\"target\":{\"@type\":\"EntryPoint\",\"urlTemplate\":\"https:\/\/unforgettablefestival.com\/?s={search_term_string}\"},\"query-input\":{\"@type\":\"PropertyValueSpecification\",\"valueRequired\":true,\"valueName\":\"search_term_string\"}}],\"inLanguage\":\"en-GB\"},{\"@type\":\"Organization\",\"@id\":\"https:\/\/unforgettablefestival.com\/#organization\",\"name\":\"Unforgettable Festival 2025 | 11-13 Septembrie 2025 - Piata Constitutiei\",\"url\":\"https:\/\/unforgettablefestival.com\/\",\"logo\":{\"@type\":\"ImageObject\",\"inLanguage\":\"en-GB\",\"@id\":\"https:\/\/unforgettablefestival.com\/#\/schema\/logo\/image\/\",\"url\":\"https:\/\/unforgettablefestival.com\/wp-content\/uploads\/2025\/01\/logo-unforgettable.svg\",\"contentUrl\":\"https:\/\/unforgettablefestival.com\/wp-content\/uploads\/2025\/01\/logo-unforgettable.svg\",\"width\":658,\"height\":215,\"caption\":\"Unforgettable Festival 2025 | 11-13 Septembrie 2025 - Piata Constitutiei\"},\"image\":{\"@id\":\"https:\/\/unforgettablefestival.com\/#\/schema\/logo\/image\/\"}}]}<\/script>\n<!-- \/ Yoast SEO plugin. -->","yoast_head_json":{"title":"Arti\u0219ti - Unforgettable Festival 2025 | 11-13 Septembrie 2025 - Piata Constitutiei","robots":{"index":"index","follow":"follow","max-snippet":"max-snippet:-1","max-image-preview":"max-image-preview:large","max-video-preview":"max-video-preview:-1"},"canonical":"https:\/\/unforgettablefestival.com\/en\/artisti\/","og_locale":"en_GB","og_type":"article","og_title":"Arti\u0219ti - Unforgettable Festival 2025 | 11-13 Septembrie 2025 - Piata Constitutiei","og_description":"Unforgettable Artists To Be Announced Soon","og_url":"https:\/\/unforgettablefestival.com\/en\/artisti\/","og_site_name":"Unforgettable Festival 2025 | 11-13 Septembrie 2025 - Piata Constitutiei","article_modified_time":"2025-10-27T16:57:47+00:00","og_image":[{"width":1200,"height":628,"url":"https:\/\/unforgettablefestival.com\/wp-content\/uploads\/2025\/03\/social-media-share.jpg","type":"image\/jpeg"}],"twitter_card":"summary_large_image","twitter_misc":{"Estimated reading time":"1 minute"},"schema":{"@context":"https:\/\/schema.org","@graph":[{"@type":"WebPage","@id":"https:\/\/unforgettablefestival.com\/artisti\/","url":"https:\/\/unforgettablefestival.com\/artisti\/","name":"Arti\u0219ti - Unforgettable Festival 2025 | 11-13 Septembrie 2025 - Piata Constitutiei","isPartOf":{"@id":"https:\/\/unforgettablefestival.com\/#website"},"primaryImageOfPage":{"@id":"https:\/\/unforgettablefestival.com\/artisti\/#primaryimage"},"image":{"@id":"https:\/\/unforgettablefestival.com\/artisti\/#primaryimage"},"thumbnailUrl":"https:\/\/unforgettablefestival.com\/wp-content\/uploads\/2025\/03\/social-media-share.jpg","datePublished":"2025-01-31T21:03:52+00:00","dateModified":"2025-10-27T16:57:47+00:00","breadcrumb":{"@id":"https:\/\/unforgettablefestival.com\/artisti\/#breadcrumb"},"inLanguage":"en-GB","potentialAction":[{"@type":"ReadAction","target":["https:\/\/unforgettablefestival.com\/artisti\/"]}]},{"@type":"ImageObject","inLanguage":"en-GB","@id":"https:\/\/unforgettablefestival.com\/artisti\/#primaryimage","url":"https:\/\/unforgettablefestival.com\/wp-content\/uploads\/2025\/03\/social-media-share.jpg","contentUrl":"https:\/\/unforgettablefestival.com\/wp-content\/uploads\/2025\/03\/social-media-share.jpg","width":1200,"height":628},{"@type":"BreadcrumbList","@id":"https:\/\/unforgettablefestival.com\/artisti\/#breadcrumb","itemListElement":[{"@type":"ListItem","position":1,"name":"Prima pagin\u0103","item":"https:\/\/unforgettablefestival.com\/"},{"@type":"ListItem","position":2,"name":"Arti\u0219ti"}]},{"@type":"WebSite","@id":"https:\/\/unforgettablefestival.com\/#website","url":"https:\/\/unforgettablefestival.com\/","name":"Unforgettable Festival 2025 | 11-13 Septembrie 2025 - Piata Constitutiei","description":"Bucura-te de 3 seri de magie alaturi de Andreea Bocelli, Jose Carerras, Gheorghe Zamfir, Katherine Jenkins si multi alti artisti intre 11-13 Septembrie 2025 in Piata Constitutiei, Bucuresti.","publisher":{"@id":"https:\/\/unforgettablefestival.com\/#organization"},"potentialAction":[{"@type":"SearchAction","target":{"@type":"EntryPoint","urlTemplate":"https:\/\/unforgettablefestival.com\/?s={search_term_string}"},"query-input":{"@type":"PropertyValueSpecification","valueRequired":true,"valueName":"search_term_string"}}],"inLanguage":"en-GB"},{"@type":"Organization","@id":"https:\/\/unforgettablefestival.com\/#organization","name":"Unforgettable Festival 2025 | 11-13 Septembrie 2025 - Piata Constitutiei","url":"https:\/\/unforgettablefestival.com\/","logo":{"@type":"ImageObject","inLanguage":"en-GB","@id":"https:\/\/unforgettablefestival.com\/#\/schema\/logo\/image\/","url":"https:\/\/unforgettablefestival.com\/wp-content\/uploads\/2025\/01\/logo-unforgettable.svg","contentUrl":"https:\/\/unforgettablefestival.com\/wp-content\/uploads\/2025\/01\/logo-unforgettable.svg","width":658,"height":215,"caption":"Unforgettable Festival 2025 | 11-13 Septembrie 2025 - Piata Constitutiei"},"image":{"@id":"https:\/\/unforgettablefestival.com\/#\/schema\/logo\/image\/"}}]}},"_links":{"self":[{"href":"https:\/\/unforgettablefestival.com\/en\/wp-json\/wp\/v2\/pages\/719","targetHints":{"allow":["GET"]}}],"collection":[{"href":"https:\/\/unforgettablefestival.com\/en\/wp-json\/wp\/v2\/pages"}],"about":[{"href":"https:\/\/unforgettablefestival.com\/en\/wp-json\/wp\/v2\/types\/page"}],"author":[{"embeddable":true,"href":"https:\/\/unforgettablefestival.com\/en\/wp-json\/wp\/v2\/users\/2"}],"replies":[{"embeddable":true,"href":"https:\/\/unforgettablefestival.com\/en\/wp-json\/wp\/v2\/comments?post=719"}],"version-history":[{"count":53,"href":"https:\/\/unforgettablefestival.com\/en\/wp-json\/wp\/v2\/pages\/719\/revisions"}],"predecessor-version":[{"id":1752,"href":"https:\/\/unforgettablefestival.com\/en\/wp-json\/wp\/v2\/pages\/719\/revisions\/1752"}],"wp:featuredmedia":[{"embeddable":true,"href":"https:\/\/unforgettablefestival.com\/en\/wp-json\/wp\/v2\/media\/1255"}],"wp:attachment":[{"href":"https:\/\/unforgettablefestival.com\/en\/wp-json\/wp\/v2\/media?parent=719"}],"curies":[{"name":"wp","href":"https:\/\/api.w.org\/{rel}","templated":true}]}}